{"id":1082,"date":"2021-03-27T22:02:11","date_gmt":"2021-03-28T02:02:11","guid":{"rendered":"https:\/\/www.sodogastro.congresord.com\/?page_id=1082"},"modified":"2024-10-30T11:50:00","modified_gmt":"2024-10-30T15:50:00","slug":"membresia","status":"publish","type":"page","link":"https:\/\/www.sodogastro.congresord.com\/en\/membresia\/","title":{"rendered":"Membership"},"content":{"rendered":"<div data-elementor-type=\"wp-page\" data-elementor-id=\"1082\" class=\"elementor elementor-1082\">\n\t\t\t\t\t\t<section class=\"elementor-section elementor-top-section elementor-element elementor-element-c74342f elementor-section-boxed elementor-section-height-default elementor-section-height-default\" data-id=\"c74342f\" data-element_type=\"section\">\n\t\t\t\t\t\t<div class=\"elementor-container elementor-column-gap-no\">\n\t\t\t\t\t<div class=\"elementor-column elementor-col-100 elementor-top-column elementor-element elementor-element-51488eb\" data-id=\"51488eb\" data-element_type=\"column\">\n\t\t\t<div class=\"elementor-widget-wrap elementor-element-populated\">\n\t\t\t\t\t\t<div class=\"elementor-element elementor-element-0d7aa5b elementor-widget elementor-widget-image\" data-id=\"0d7aa5b\" data-element_type=\"widget\" data-widget_type=\"image.default\">\n\t\t\t\t<div class=\"elementor-widget-container\">\n\t\t\t\t\t\t\t\t\t\t\t\t\t\t\t<img fetchpriority=\"high\" decoding=\"async\" width=\"1024\" height=\"235\" src=\"https:\/\/www.sodogastro.congresord.com\/wp-content\/uploads\/2024\/02\/Screenshot-2024-02-01-at-6.06.44-PM-1024x235.png\" class=\"attachment-large size-large wp-image-3403\" alt=\"\" srcset=\"https:\/\/www.sodogastro.congresord.com\/wp-content\/uploads\/2024\/02\/Screenshot-2024-02-01-at-6.06.44-PM-1024x235.png 1024w, https:\/\/www.sodogastro.congresord.com\/wp-content\/uploads\/2024\/02\/Screenshot-2024-02-01-at-6.06.44-PM-300x69.png 300w, https:\/\/www.sodogastro.congresord.com\/wp-content\/uploads\/2024\/02\/Screenshot-2024-02-01-at-6.06.44-PM-768x176.png 768w, https:\/\/www.sodogastro.congresord.com\/wp-content\/uploads\/2024\/02\/Screenshot-2024-02-01-at-6.06.44-PM-1536x352.png 1536w, https:\/\/www.sodogastro.congresord.com\/wp-content\/uploads\/2024\/02\/Screenshot-2024-02-01-at-6.06.44-PM-18x4.png 18w, https:\/\/www.sodogastro.congresord.com\/wp-content\/uploads\/2024\/02\/Screenshot-2024-02-01-at-6.06.44-PM-250x57.png 250w, https:\/\/www.sodogastro.congresord.com\/wp-content\/uploads\/2024\/02\/Screenshot-2024-02-01-at-6.06.44-PM-550x126.png 550w, https:\/\/www.sodogastro.congresord.com\/wp-content\/uploads\/2024\/02\/Screenshot-2024-02-01-at-6.06.44-PM-800x183.png 800w, https:\/\/www.sodogastro.congresord.com\/wp-content\/uploads\/2024\/02\/Screenshot-2024-02-01-at-6.06.44-PM-785x180.png 785w, https:\/\/www.sodogastro.congresord.com\/wp-content\/uploads\/2024\/02\/Screenshot-2024-02-01-at-6.06.44-PM-1309x300.png 1309w, https:\/\/www.sodogastro.congresord.com\/wp-content\/uploads\/2024\/02\/Screenshot-2024-02-01-at-6.06.44-PM-600x138.png 600w, https:\/\/www.sodogastro.congresord.com\/wp-content\/uploads\/2024\/02\/Screenshot-2024-02-01-at-6.06.44-PM.png 1893w\" sizes=\"(max-width: 1024px) 100vw, 1024px\" \/>\t\t\t\t\t\t\t\t\t\t\t\t\t\t\t<\/div>\n\t\t\t\t<\/div>\n\t\t\t\t\t<\/div>\n\t\t<\/div>\n\t\t\t\t\t<\/div>\n\t\t<\/section>\n\t\t\t\t<section class=\"elementor-section elementor-top-section elementor-element elementor-element-c22b8be elementor-section-boxed elementor-section-height-default elementor-section-height-default\" data-id=\"c22b8be\" data-element_type=\"section\">\n\t\t\t\t\t\t<div class=\"elementor-container elementor-column-gap-no\">\n\t\t\t\t\t<div class=\"elementor-column elementor-col-33 elementor-top-column elementor-element elementor-element-2167693\" data-id=\"2167693\" data-element_type=\"column\">\n\t\t\t<div class=\"elementor-widget-wrap elementor-element-populated\">\n\t\t\t\t\t\t<div class=\"elementor-element elementor-element-8f94eef elementor-widget elementor-widget-image\" data-id=\"8f94eef\" data-element_type=\"widget\" data-widget_type=\"image.default\">\n\t\t\t\t<div class=\"elementor-widget-container\">\n\t\t\t\t\t\t\t\t\t\t\t\t\t\t\t<img decoding=\"async\" width=\"227\" height=\"227\" src=\"https:\/\/www.sodogastro.congresord.com\/wp-content\/uploads\/2021\/03\/Favicon.jpg\" class=\"attachment-large size-large wp-image-31\" alt=\"\" srcset=\"https:\/\/www.sodogastro.congresord.com\/wp-content\/uploads\/2021\/03\/Favicon.jpg 227w, https:\/\/www.sodogastro.congresord.com\/wp-content\/uploads\/2021\/03\/Favicon-150x150.jpg 150w, https:\/\/www.sodogastro.congresord.com\/wp-content\/uploads\/2021\/03\/Favicon-48x48.jpg 48w, https:\/\/www.sodogastro.congresord.com\/wp-content\/uploads\/2021\/03\/Favicon-180x180.jpg 180w\" sizes=\"(max-width: 227px) 100vw, 227px\" \/>\t\t\t\t\t\t\t\t\t\t\t\t\t\t\t<\/div>\n\t\t\t\t<\/div>\n\t\t\t\t<div class=\"elementor-element elementor-element-619b8bd elementor-align-center elementor-tablet-align-left elementor-widget elementor-widget-button\" data-id=\"619b8bd\" data-element_type=\"widget\" data-widget_type=\"button.default\">\n\t\t\t\t<div class=\"elementor-widget-container\">\n\t\t\t\t\t\t\t\t\t<div class=\"elementor-button-wrapper\">\n\t\t\t\t\t<a class=\"elementor-button elementor-button-link elementor-size-sm\" href=\"https:\/\/www.sodogastro.congresord.com\/en\/estatutos\/\">\n\t\t\t\t\t\t<span class=\"elementor-button-content-wrapper\">\n\t\t\t\t\t\t\t\t\t<span class=\"elementor-button-text\">Estatutos Sociales<\/span>\n\t\t\t\t\t<\/span>\n\t\t\t\t\t<\/a>\n\t\t\t\t<\/div>\n\t\t\t\t\t\t\t\t<\/div>\n\t\t\t\t<\/div>\n\t\t\t\t<div class=\"elementor-element elementor-element-f59ebf9 elementor-align-center elementor-tablet-align-left elementor-widget elementor-widget-button\" data-id=\"f59ebf9\" data-element_type=\"widget\" data-widget_type=\"button.default\">\n\t\t\t\t<div class=\"elementor-widget-container\">\n\t\t\t\t\t\t\t\t\t<div class=\"elementor-button-wrapper\">\n\t\t\t\t\t<a class=\"elementor-button elementor-button-link elementor-size-sm\" href=\"https:\/\/app.eosasociaciones.com\/#\/public\/form\/66eb372ea64df21be217a863\">\n\t\t\t\t\t\t<span class=\"elementor-button-content-wrapper\">\n\t\t\t\t\t\t\t\t\t<span class=\"elementor-button-text\">H\u00e1zte miembro<\/span>\n\t\t\t\t\t<\/span>\n\t\t\t\t\t<\/a>\n\t\t\t\t<\/div>\n\t\t\t\t\t\t\t\t<\/div>\n\t\t\t\t<\/div>\n\t\t\t\t<div class=\"elementor-element elementor-element-efbcf93 elementor-align-center elementor-tablet-align-left elementor-widget elementor-widget-button\" data-id=\"efbcf93\" data-element_type=\"widget\" data-widget_type=\"button.default\">\n\t\t\t\t<div class=\"elementor-widget-container\">\n\t\t\t\t\t\t\t\t\t<div class=\"elementor-button-wrapper\">\n\t\t\t\t\t<a class=\"elementor-button elementor-button-link elementor-size-sm\" href=\"https:\/\/app.eosasociaciones.com\/#\/public\/form\/update\/member\/information\/66eb372ea64df21be217a863\">\n\t\t\t\t\t\t<span class=\"elementor-button-content-wrapper\">\n\t\t\t\t\t\t\t\t\t<span class=\"elementor-button-text\">Actualiza tus datos<\/span>\n\t\t\t\t\t<\/span>\n\t\t\t\t\t<\/a>\n\t\t\t\t<\/div>\n\t\t\t\t\t\t\t\t<\/div>\n\t\t\t\t<\/div>\n\t\t\t\t<div class=\"elementor-element elementor-element-d95a0db elementor-align-center elementor-tablet-align-left elementor-widget elementor-widget-button\" data-id=\"d95a0db\" data-element_type=\"widget\" data-widget_type=\"button.default\">\n\t\t\t\t<div class=\"elementor-widget-container\">\n\t\t\t\t\t\t\t\t\t<div class=\"elementor-button-wrapper\">\n\t\t\t\t\t<a class=\"elementor-button elementor-button-link elementor-size-sm\" href=\"https:\/\/app.eosasociaciones.com\/#\/public\/view\/directories\/66eb372ea64df21be217a863\">\n\t\t\t\t\t\t<span class=\"elementor-button-content-wrapper\">\n\t\t\t\t\t\t\t\t\t<span class=\"elementor-button-text\">Directorio de miembros<\/span>\n\t\t\t\t\t<\/span>\n\t\t\t\t\t<\/a>\n\t\t\t\t<\/div>\n\t\t\t\t\t\t\t\t<\/div>\n\t\t\t\t<\/div>\n\t\t\t\t\t<\/div>\n\t\t<\/div>\n\t\t\t\t<div class=\"elementor-column elementor-col-66 elementor-top-column elementor-element elementor-element-debe4bf\" data-id=\"debe4bf\" data-element_type=\"column\">\n\t\t\t<div class=\"elementor-widget-wrap elementor-element-populated\">\n\t\t\t\t\t\t<section class=\"elementor-section elementor-inner-section elementor-element elementor-element-42e2be3 elementor-section-boxed elementor-section-height-default elementor-section-height-default\" data-id=\"42e2be3\" data-element_type=\"section\">\n\t\t\t\t\t\t<div class=\"elementor-container elementor-column-gap-default\">\n\t\t\t\t\t<div class=\"elementor-column elementor-col-100 elementor-inner-column elementor-element elementor-element-6687442\" data-id=\"6687442\" data-element_type=\"column\">\n\t\t\t<div class=\"elementor-widget-wrap elementor-element-populated\">\n\t\t\t\t\t\t<div class=\"elementor-element elementor-element-76fc56c elementor-widget elementor-widget-heading\" data-id=\"76fc56c\" data-element_type=\"widget\" data-widget_type=\"heading.default\">\n\t\t\t\t<div class=\"elementor-widget-container\">\n\t\t\t\t\t<h2 class=\"elementor-heading-title elementor-size-default\">Membership<\/h2>\t\t\t\t<\/div>\n\t\t\t\t<\/div>\n\t\t\t\t<div class=\"elementor-element elementor-element-a407658 elementor-widget-divider--view-line elementor-widget elementor-widget-divider\" data-id=\"a407658\" data-element_type=\"widget\" data-widget_type=\"divider.default\">\n\t\t\t\t<div class=\"elementor-widget-container\">\n\t\t\t\t\t\t\t<div class=\"elementor-divider\">\n\t\t\t<span class=\"elementor-divider-separator\">\n\t\t\t\t\t\t<\/span>\n\t\t<\/div>\n\t\t\t\t\t\t<\/div>\n\t\t\t\t<\/div>\n\t\t\t\t\t<\/div>\n\t\t<\/div>\n\t\t\t\t\t<\/div>\n\t\t<\/section>\n\t\t\t\t<section class=\"elementor-section elementor-inner-section elementor-element elementor-element-92e2b91 elementor-section-boxed elementor-section-height-default elementor-section-height-default\" data-id=\"92e2b91\" data-element_type=\"section\">\n\t\t\t\t\t\t<div class=\"elementor-container elementor-column-gap-default\">\n\t\t\t\t\t<div class=\"elementor-column elementor-col-100 elementor-inner-column elementor-element elementor-element-b285f78\" data-id=\"b285f78\" data-element_type=\"column\">\n\t\t\t<div class=\"elementor-widget-wrap elementor-element-populated\">\n\t\t\t\t\t\t<div class=\"elementor-element elementor-element-f164be7 elementor-widget elementor-widget-text-editor\" data-id=\"f164be7\" data-element_type=\"widget\" data-widget_type=\"text-editor.default\">\n\t\t\t\t<div class=\"elementor-widget-container\">\n\t\t\t\t\t\t\t\t\t<h2>ADMISSION REQUIREMENTS:<\/h2>\t\t\t\t\t\t\t\t<\/div>\n\t\t\t\t<\/div>\n\t\t\t\t<div class=\"elementor-element elementor-element-a78a258 elementor-widget elementor-widget-text-editor\" data-id=\"a78a258\" data-element_type=\"widget\" data-widget_type=\"text-editor.default\">\n\t\t\t\t<div class=\"elementor-widget-container\">\n\t\t\t\t\t\t\t\t\t<p>Anyone who aspires to be a member of the Dominican Society of Gastroenterology, Inc., must meet the following requirements:<\/p>\t\t\t\t\t\t\t\t<\/div>\n\t\t\t\t<\/div>\n\t\t\t\t\t<\/div>\n\t\t<\/div>\n\t\t\t\t\t<\/div>\n\t\t<\/section>\n\t\t\t\t<div class=\"elementor-element elementor-element-6d9393d elementor-widget elementor-widget-text-editor\" data-id=\"6d9393d\" data-element_type=\"widget\" data-widget_type=\"text-editor.default\">\n\t\t\t\t<div class=\"elementor-widget-container\">\n\t\t\t\t\t\t\t\t\t<ol><li>To have a Bachelor of medicine PhD degree<\/li><li>Haber realizado los a\u00f1os de entrenamiento de Gastroenterolog\u00eda estipulados, en una universidad reconocida (exceptuando en los casos de los miembros asociados).<\/li><li>Be an active member of the Dominican Medical College (CMD).<\/li><li>Request your Admission to the Board of Directors, by means of a communication that must be supported by the documents that prove your academic training.<\/li><li>Request your Admission to the Board of Directors, by means of a communication that must be supported by the documents that prove your academic training.<\/li><li>Three (3) Recommendation's Letters from \"Active Members\" of the company.<\/li><li>Make the payment of the corresponding fee.<\/li><\/ol><p><strong>All applicants must meet the current requirements for the exercise of the medical profession in our country.<\/strong><\/p><p><strong>The application for admission must be accompanied by the following documents:<\/strong><\/p><ol><li>Medicine degree.<\/li><li>Internal Medicine Degree.<\/li><li>Title of the Specialty in Gastroenterology.<\/li><li>Exequatur.<\/li><li>Membership Letter of the Dominican Medical Guild.<\/li><li>Copy of the Identity Card or passport, if you are a foreigner.<\/li><li>Resume.<\/li><\/ol><p><strong>Studies carried out outside the country, by foreigners or Dominicans, must be validated by the Ministry of Higher Education, Sciences and Technology (MESCyT).<\/strong><\/p>\t\t\t\t\t\t\t\t<\/div>\n\t\t\t\t<\/div>\n\t\t\t\t\t<\/div>\n\t\t<\/div>\n\t\t\t\t\t<\/div>\n\t\t<\/section>\n\t\t\t\t<\/div>","protected":false},"excerpt":{"rendered":"<p>Estatutos Sociales H\u00e1zte miembro Actualiza tus datos Directorio de miembros Membres\u00eda REQUISITOS DE ADMISI\u00d3N: Todo aquel que aspire a ser miembro de la Sociedad Dominicana de Gastroenterolog\u00eda, Inc., deber\u00e1 cumplir los siguientes requisitos: Ser Licenciado o Doctor en Medicina. Haber realizado los a\u00f1os de entrenamiento de Gastroenterolog\u00eda estipulados, en una universidad reconocida (exceptuando en los [&hellip;]<\/p>","protected":false},"author":1,"featured_media":0,"parent":0,"menu_order":0,"comment_status":"closed","ping_status":"closed","template":"elementor_canvas","meta":{"bgseo_title":"","bgseo_description":"","bgseo_robots_index":"index","bgseo_robots_follow":"follow","ocean_post_layout":"","ocean_both_sidebars_style":"","ocean_both_sidebars_content_width":0,"ocean_both_sidebars_sidebars_width":0,"ocean_sidebar":"0","ocean_second_sidebar":"0","ocean_disable_margins":"on","ocean_add_body_class":"","ocean_shortcode_before_top_bar":"","ocean_shortcode_after_top_bar":"","ocean_shortcode_before_header":"","ocean_shortcode_after_header":"","ocean_has_shortcode":"","ocean_shortcode_after_title":"","ocean_shortcode_before_footer_widgets":"","ocean_shortcode_after_footer_widgets":"","ocean_shortcode_before_footer_bottom":"","ocean_shortcode_after_footer_bottom":"","ocean_display_top_bar":"off","ocean_display_header":"off","ocean_header_style":"","ocean_center_header_left_menu":"0","ocean_custom_header_template":"0","ocean_custom_logo":0,"ocean_custom_retina_logo":0,"ocean_custom_logo_max_width":0,"ocean_custom_logo_tablet_max_width":0,"ocean_custom_logo_mobile_max_width":0,"ocean_custom_logo_max_height":0,"ocean_custom_logo_tablet_max_height":0,"ocean_custom_logo_mobile_max_height":0,"ocean_header_custom_menu":"0","ocean_menu_typo_font_family":"0","ocean_menu_typo_font_subset":"","ocean_menu_typo_font_size":0,"ocean_menu_typo_font_size_tablet":0,"ocean_menu_typo_font_size_mobile":0,"ocean_menu_typo_font_size_unit":"px","ocean_menu_typo_font_weight":"","ocean_menu_typo_font_weight_tablet":"","ocean_menu_typo_font_weight_mobile":"","ocean_menu_typo_transform":"","ocean_menu_typo_transform_tablet":"","ocean_menu_typo_transform_mobile":"","ocean_menu_typo_line_height":0,"ocean_menu_typo_line_height_tablet":0,"ocean_menu_typo_line_height_mobile":0,"ocean_menu_typo_line_height_unit":"","ocean_menu_typo_spacing":0,"ocean_menu_typo_spacing_tablet":0,"ocean_menu_typo_spacing_mobile":0,"ocean_menu_typo_spacing_unit":"","ocean_menu_link_color":"","ocean_menu_link_color_hover":"","ocean_menu_link_color_active":"","ocean_menu_link_background":"","ocean_menu_link_hover_background":"","ocean_menu_link_active_background":"","ocean_menu_social_links_bg":"","ocean_menu_social_hover_links_bg":"","ocean_menu_social_links_color":"","ocean_menu_social_hover_links_color":"","ocean_disable_title":"on","ocean_disable_heading":"on","ocean_post_title":"","ocean_post_subheading":"","ocean_post_title_style":"","ocean_post_title_background_color":"","ocean_post_title_background":0,"ocean_post_title_bg_image_position":"","ocean_post_title_bg_image_attachment":"","ocean_post_title_bg_image_repeat":"","ocean_post_title_bg_image_size":"","ocean_post_title_height":0,"ocean_post_title_bg_overlay":0.5,"ocean_post_title_bg_overlay_color":"","ocean_disable_breadcrumbs":"off","ocean_breadcrumbs_color":"","ocean_breadcrumbs_separator_color":"","ocean_breadcrumbs_links_color":"","ocean_breadcrumbs_links_hover_color":"","ocean_display_footer_widgets":"off","ocean_display_footer_bottom":"off","ocean_custom_footer_template":"0","footnotes":""},"class_list":["post-1082","page","type-page","status-publish","hentry","entry"],"_links":{"self":[{"href":"https:\/\/www.sodogastro.congresord.com\/en\/wp-json\/wp\/v2\/pages\/1082","targetHints":{"allow":["GET"]}}],"collection":[{"href":"https:\/\/www.sodogastro.congresord.com\/en\/wp-json\/wp\/v2\/pages"}],"about":[{"href":"https:\/\/www.sodogastro.congresord.com\/en\/wp-json\/wp\/v2\/types\/page"}],"author":[{"embeddable":true,"href":"https:\/\/www.sodogastro.congresord.com\/en\/wp-json\/wp\/v2\/users\/1"}],"replies":[{"embeddable":true,"href":"https:\/\/www.sodogastro.congresord.com\/en\/wp-json\/wp\/v2\/comments?post=1082"}],"version-history":[{"count":10,"href":"https:\/\/www.sodogastro.congresord.com\/en\/wp-json\/wp\/v2\/pages\/1082\/revisions"}],"predecessor-version":[{"id":3938,"href":"https:\/\/www.sodogastro.congresord.com\/en\/wp-json\/wp\/v2\/pages\/1082\/revisions\/3938"}],"wp:attachment":[{"href":"https:\/\/www.sodogastro.congresord.com\/en\/wp-json\/wp\/v2\/media?parent=1082"}],"curies":[{"name":"wp","href":"https:\/\/api.w.org\/{rel}","templated":true}]}}