{"id":168,"date":"2021-03-13T05:33:44","date_gmt":"2021-03-13T05:33:44","guid":{"rendered":"https:\/\/www.sodogastro.congresord.com\/?page_id=168"},"modified":"2024-02-01T18:00:19","modified_gmt":"2024-02-01T22:00:19","slug":"nosotros","status":"publish","type":"page","link":"https:\/\/www.sodogastro.congresord.com\/en\/nosotros\/","title":{"rendered":"About us"},"content":{"rendered":"<div data-elementor-type=\"wp-page\" data-elementor-id=\"168\" class=\"elementor elementor-168\">\n\t\t\t\t\t\t<section class=\"elementor-section elementor-top-section elementor-element elementor-element-c74342f elementor-section-boxed elementor-section-height-default elementor-section-height-default\" data-id=\"c74342f\" data-element_type=\"section\">\n\t\t\t\t\t\t<div class=\"elementor-container elementor-column-gap-default\">\n\t\t\t\t\t<div class=\"elementor-column elementor-col-100 elementor-top-column elementor-element elementor-element-51488eb\" data-id=\"51488eb\" data-element_type=\"column\">\n\t\t\t<div class=\"elementor-widget-wrap elementor-element-populated\">\n\t\t\t\t\t\t<div class=\"elementor-element elementor-element-0d7aa5b elementor-widget elementor-widget-image\" data-id=\"0d7aa5b\" data-element_type=\"widget\" data-widget_type=\"image.default\">\n\t\t\t\t<div class=\"elementor-widget-container\">\n\t\t\t\t\t\t\t\t\t\t\t\t\t\t\t<img fetchpriority=\"high\" decoding=\"async\" width=\"1024\" height=\"384\" src=\"https:\/\/www.sodogastro.congresord.com\/wp-content\/uploads\/2024\/02\/Directiva-Image-1024x384.jpg\" class=\"attachment-large size-large wp-image-3386\" alt=\"\" srcset=\"https:\/\/www.sodogastro.congresord.com\/wp-content\/uploads\/2024\/02\/Directiva-Image-1024x384.jpg 1024w, https:\/\/www.sodogastro.congresord.com\/wp-content\/uploads\/2024\/02\/Directiva-Image-300x113.jpg 300w, https:\/\/www.sodogastro.congresord.com\/wp-content\/uploads\/2024\/02\/Directiva-Image-768x288.jpg 768w, https:\/\/www.sodogastro.congresord.com\/wp-content\/uploads\/2024\/02\/Directiva-Image-1536x576.jpg 1536w, https:\/\/www.sodogastro.congresord.com\/wp-content\/uploads\/2024\/02\/Directiva-Image-2048x768.jpg 2048w, https:\/\/www.sodogastro.congresord.com\/wp-content\/uploads\/2024\/02\/Directiva-Image-18x7.jpg 18w, https:\/\/www.sodogastro.congresord.com\/wp-content\/uploads\/2024\/02\/Directiva-Image-250x94.jpg 250w, https:\/\/www.sodogastro.congresord.com\/wp-content\/uploads\/2024\/02\/Directiva-Image-550x206.jpg 550w, https:\/\/www.sodogastro.congresord.com\/wp-content\/uploads\/2024\/02\/Directiva-Image-800x300.jpg 800w, https:\/\/www.sodogastro.congresord.com\/wp-content\/uploads\/2024\/02\/Directiva-Image-480x180.jpg 480w, https:\/\/www.sodogastro.congresord.com\/wp-content\/uploads\/2024\/02\/Directiva-Image-1333x500.jpg 1333w, https:\/\/www.sodogastro.congresord.com\/wp-content\/uploads\/2024\/02\/Directiva-Image-600x225.jpg 600w, https:\/\/www.sodogastro.congresord.com\/wp-content\/uploads\/2024\/02\/Directiva-Image-1730x649.jpg 1730w\" sizes=\"(max-width: 1024px) 100vw, 1024px\" \/>\t\t\t\t\t\t\t\t\t\t\t\t\t\t\t<\/div>\n\t\t\t\t<\/div>\n\t\t\t\t\t<\/div>\n\t\t<\/div>\n\t\t\t\t\t<\/div>\n\t\t<\/section>\n\t\t\t\t<section class=\"elementor-section elementor-top-section elementor-element elementor-element-c22b8be elementor-section-boxed elementor-section-height-default elementor-section-height-default\" data-id=\"c22b8be\" data-element_type=\"section\">\n\t\t\t\t\t\t<div class=\"elementor-container elementor-column-gap-no\">\n\t\t\t\t\t<div class=\"elementor-column elementor-col-33 elementor-top-column elementor-element elementor-element-2167693\" data-id=\"2167693\" data-element_type=\"column\">\n\t\t\t<div class=\"elementor-widget-wrap elementor-element-populated\">\n\t\t\t\t\t\t<div class=\"elementor-element elementor-element-30c25b9 elementor-align-center elementor-tablet-align-left elementor-mobile-align-center elementor-widget elementor-widget-button\" data-id=\"30c25b9\" data-element_type=\"widget\" data-widget_type=\"button.default\">\n\t\t\t\t<div class=\"elementor-widget-container\">\n\t\t\t\t\t\t\t\t\t<div class=\"elementor-button-wrapper\">\n\t\t\t\t\t<a class=\"elementor-button elementor-button-link elementor-size-sm\" href=\"https:\/\/www.sodogastro.congresord.com\/en\/filiales\/\">\n\t\t\t\t\t\t<span class=\"elementor-button-content-wrapper\">\n\t\t\t\t\t\t\t\t\t<span class=\"elementor-button-text\">AFFILIATED INSTITUTIONS<\/span>\n\t\t\t\t\t<\/span>\n\t\t\t\t\t<\/a>\n\t\t\t\t<\/div>\n\t\t\t\t\t\t\t\t<\/div>\n\t\t\t\t<\/div>\n\t\t\t\t\t<\/div>\n\t\t<\/div>\n\t\t\t\t<div class=\"elementor-column elementor-col-66 elementor-top-column elementor-element elementor-element-debe4bf\" data-id=\"debe4bf\" data-element_type=\"column\">\n\t\t\t<div class=\"elementor-widget-wrap elementor-element-populated\">\n\t\t\t\t\t\t<section class=\"elementor-section elementor-inner-section elementor-element elementor-element-42e2be3 elementor-section-boxed elementor-section-height-default elementor-section-height-default\" data-id=\"42e2be3\" data-element_type=\"section\">\n\t\t\t\t\t\t<div class=\"elementor-container elementor-column-gap-default\">\n\t\t\t\t\t<div class=\"elementor-column elementor-col-100 elementor-inner-column elementor-element elementor-element-6687442\" data-id=\"6687442\" data-element_type=\"column\">\n\t\t\t<div class=\"elementor-widget-wrap elementor-element-populated\">\n\t\t\t\t\t\t<div class=\"elementor-element elementor-element-76fc56c elementor-widget elementor-widget-heading\" data-id=\"76fc56c\" data-element_type=\"widget\" data-widget_type=\"heading.default\">\n\t\t\t\t<div class=\"elementor-widget-container\">\n\t\t\t\t\t<h2 class=\"elementor-heading-title elementor-size-default\">About us<\/h2>\t\t\t\t<\/div>\n\t\t\t\t<\/div>\n\t\t\t\t<div class=\"elementor-element elementor-element-a407658 elementor-widget-divider--view-line elementor-widget elementor-widget-divider\" data-id=\"a407658\" data-element_type=\"widget\" data-widget_type=\"divider.default\">\n\t\t\t\t<div class=\"elementor-widget-container\">\n\t\t\t\t\t\t\t<div class=\"elementor-divider\">\n\t\t\t<span class=\"elementor-divider-separator\">\n\t\t\t\t\t\t<\/span>\n\t\t<\/div>\n\t\t\t\t\t\t<\/div>\n\t\t\t\t<\/div>\n\t\t\t\t\t<\/div>\n\t\t<\/div>\n\t\t\t\t\t<\/div>\n\t\t<\/section>\n\t\t\t\t<section class=\"elementor-section elementor-inner-section elementor-element elementor-element-92e2b91 elementor-section-boxed elementor-section-height-default elementor-section-height-default\" data-id=\"92e2b91\" data-element_type=\"section\">\n\t\t\t\t\t\t<div class=\"elementor-container elementor-column-gap-default\">\n\t\t\t\t\t<div class=\"elementor-column elementor-col-100 elementor-inner-column elementor-element elementor-element-b285f78\" data-id=\"b285f78\" data-element_type=\"column\">\n\t\t\t<div class=\"elementor-widget-wrap elementor-element-populated\">\n\t\t\t\t\t\t<div class=\"elementor-element elementor-element-4f90ac1 elementor-widget elementor-widget-image\" data-id=\"4f90ac1\" data-element_type=\"widget\" data-widget_type=\"image.default\">\n\t\t\t\t<div class=\"elementor-widget-container\">\n\t\t\t\t\t\t\t\t\t\t\t\t\t\t\t<img decoding=\"async\" width=\"755\" height=\"236\" src=\"https:\/\/www.sodogastro.congresord.com\/wp-content\/uploads\/2021\/03\/Main-Header.jpg\" class=\"attachment-large size-large wp-image-30\" alt=\"\" srcset=\"https:\/\/www.sodogastro.congresord.com\/wp-content\/uploads\/2021\/03\/Main-Header.jpg 755w, https:\/\/www.sodogastro.congresord.com\/wp-content\/uploads\/2021\/03\/Main-Header-300x94.jpg 300w, https:\/\/www.sodogastro.congresord.com\/wp-content\/uploads\/2021\/03\/Main-Header-250x78.jpg 250w, https:\/\/www.sodogastro.congresord.com\/wp-content\/uploads\/2021\/03\/Main-Header-550x172.jpg 550w, https:\/\/www.sodogastro.congresord.com\/wp-content\/uploads\/2021\/03\/Main-Header-576x180.jpg 576w\" sizes=\"(max-width: 755px) 100vw, 755px\" \/>\t\t\t\t\t\t\t\t\t\t\t\t\t\t\t<\/div>\n\t\t\t\t<\/div>\n\t\t\t\t\t<\/div>\n\t\t<\/div>\n\t\t\t\t\t<\/div>\n\t\t<\/section>\n\t\t\t\t<div class=\"elementor-element elementor-element-6d9393d elementor-widget elementor-widget-text-editor\" data-id=\"6d9393d\" data-element_type=\"widget\" data-widget_type=\"text-editor.default\">\n\t\t\t\t<div class=\"elementor-widget-container\">\n\t\t\t\t\t\t\t\t\t<p><strong>We are a society of Gastroenterologist physicians who serve as a means to its members and their patients to maintain the health of the population, disseminate scientific knowledge, establish the importance of gastroenterology and promote high standards of ethics and professionalism in medical practice within our countryside.<\/strong><\/p><p><strong>We carry out this mission by supporting a gastroenterology practice based on scientific advances and promoting the discovery, development and application of new knowledge that leads to the prevention and treatment of digestive diseases.<\/strong><\/p>\t\t\t\t\t\t\t\t<\/div>\n\t\t\t\t<\/div>\n\t\t\t\t<div class=\"elementor-element elementor-element-595f990 elementor-widget elementor-widget-heading\" data-id=\"595f990\" data-element_type=\"widget\" data-widget_type=\"heading.default\">\n\t\t\t\t<div class=\"elementor-widget-container\">\n\t\t\t\t\t<h2 class=\"elementor-heading-title elementor-size-default\">SDG'S HISTORY\n<\/h2>\t\t\t\t<\/div>\n\t\t\t\t<\/div>\n\t\t\t\t<div class=\"elementor-element elementor-element-19dec2d elementor-widget elementor-widget-text-editor\" data-id=\"19dec2d\" data-element_type=\"widget\" data-widget_type=\"text-editor.default\">\n\t\t\t\t<div class=\"elementor-widget-container\">\n\t\t\t\t\t\t\t\t\t<p><span style=\"font-weight: 400;\">In 1957, Doctors Aulio Brea Ortega, Jordi Brossa Mej\u00eda, Francisco Cuesta Barreiro, Pablo I\u00f1iguez, Manuel Salad\u00edn V\u00e9lez, Eduardo Roed\u00e1n Majluta, and George Hazoury Tomes, with Dr. Aulio Brea Ortega becoming the first president, these doctors formed the reduced number of existing gastroenterologists in the country and considering the benefits provided by the rapprochement between members of any particular nucleus of society; They thought that they could benefit if they met monthly, within a scientific plane, framed with the highest sense of companionship and friendship. In effect, the exchange of ideas began, the presentation and discussion of the most interesting cases that had been presented to the members of the group, in the period between each meeting. Months later, excited by the reception that these meetings had had, it was decided to give them a more formal character; and the Dominican Society of Gastroenterology was created; its founders being the aforementioned doctors.\u00a0<\/span><\/p><p><span style=\"font-weight: 400;\">Unfortunately, such a beautiful, promising and newly born society, entered a deep coma in 1958 until 1967, when, thanks to the energy and desire for improvement with which a group of recently trained doctors arrived on our soil. , the restructuring of our organization was possible on January 18, in an assembly held in the City of Santo Domingo, at the premises of the Dominican Medical Association (AMD), which was formed by Doctors: Eduardo Alvarez G., Aulio Brea O., Jordi Brossa M., Roberto Caram H., Francisco Cuesta B., Leopoldo Gonzalez Brache B., Adolfo Guzman S., George Hazoury Tomes, Pablo I\u00f1iguez, Orlando Mej\u00eda Ferr\u00e9s, Rafael Ort\u00edz E., Marino Piantini and Manuel Salad\u00edn V., who decided to elect the board of directors. Which takes place in the second half of January with a duration of 1 year until 2016, when the first two-year period begins with Dr. Luis Manuel P\u00e9rez M\u00e9ndez.<\/span><\/p><p><span style=\"font-weight: 400;\">This responsibility fell on the following colleagues: Dr. Jordi Brossa M., President. Dr. George Hazoury Tomes, Vice President. Dr. Roberto Caram H., Secretary. Dr. Francisco Cuesta Barreiro, treasurer. Dr. Adolfo Guzm\u00e1n Silverio., Member. When the first meeting of this new board of directors was held, it was agreed: to direct the steps to make the incorporation of our entity, to prepare the Dominican magazine of Gastroenterology, appointing Dr. I\u00f1iguez as its Director. And, to appoint members of Honor to all the medical personalities related to our specialty; May they grant us the honor of visiting us.<\/span><\/p><p class=\"translation-block\">Dr. Cuesta Barreiro. Is entrusted with the elaboration of the Statutes, which, days later, receive their first reading and approval, in order to be discussed in a future assembly; The restructuring is communicated to the Dominican Medical Association, from whom membership is requested, which is granted in a few days (on January 27). Said restructuring is also communicated to all other National and Foreign Medical Associations. That same day, in a solemn ceremony held at the Hotel El Embajador, the Diplomas were delivered that accredited Dr. Henry L. Bockus as Honorary President of our Society, as well as the Doctors: Henry J. Tumen, James L. Roth and George Pack as Honorary Members. On March 6, in an Assembly held at the premises of the Dominican Medical Association and with the assistance of Doctors: Alvarez G., Brea o., Brossa M., Caram H., Cuesta B., Gonz\u00e1lez B. , Guzm\u00e1n S., Hazoury Tomes, Mej\u00eda F., and Roed\u00e1n M., the statutes of the group are discussed and approved.<\/p><p><span style=\"font-weight: 400;\">In April 1967, we asked the Executive Power for our incorporation, which is obtained by Decree 1867, on November 28 of the same year.<\/span><\/p><p><span style=\"font-weight: 400;\">383 \/ 5000\nTranslation results\nOn April 27, 1967, the application for admission was sent to the Inter-American Association of Gastroenterology (AIGE) and the World Organization of Gastroenterology (OMGE), by letter addressed to Dr. Carlos A Estape, Secretary of the (AIGE) and Dr. HG Mogena, President of the (OMGE), also asking them for a list of the member associations of both to start new relationships.<\/span><\/p><p><em><span style=\"font-weight: 400;\">1984 First female president of the society. Dr. Tamara Moore.<\/span><\/em><\/p><p><em><span style=\"font-weight: 400;\">1986 First Day of the North Dr. Radhames Cortina, and First Day of the South.<\/span><\/em><\/p><p><em>President Dr. Narciso Viloria.\u00a0<\/em><\/p><p><em>1987 First East Day. Dra. Marisela Torres. President.\u00a0<\/em><\/p><p><em>1988 During the presidency of Dr. Ricardo Corporan in 1991 The first modification of the statutes is made, the first National Congress of the Society is held, the Santiago branch is created, and the liver and endoscopy chapters are formed.<\/em><\/p><p><em>1996 Formation of the pediatric chapter in 1996. President Luisa Ovando.\u00a0<\/em><\/p><p><em>1997 was the first Pan American. President Dr. Julio Cesar Echavarria.<\/em><\/p><p><em>2013 Second amendment of statutes: The name of the National Congress of Gastroenterology is changed to the Dominican Congress of Gastroenterology, the periods of the directive are changed from one to two years as of 2016. The chapters of Inflammatory Bowel Disease and Pancreas and Tracts were formed Biliary. Dra. Fanny Grullon. President.\u00a0<\/em><\/p><p><em>2015 To date, 28 Congresses have been held\u00a0<\/em><\/p><p><em>Currently the society has 539 active members.<\/em><\/p><p><em>For the training of new gastroenterologists there are 6 schools of Gastroenterology for adults and 1 pediatric. All endorsed and certified by our institution.\u00a0<\/em><\/p><p><em>52 presidents have led our entity since its founding. <\/em><\/p>\t\t\t\t\t\t\t\t<\/div>\n\t\t\t\t<\/div>\n\t\t\t\t\t<\/div>\n\t\t<\/div>\n\t\t\t\t\t<\/div>\n\t\t<\/section>\n\t\t\t\t<\/div>","protected":false},"excerpt":{"rendered":"<p>INSTITUCIONES AFILIADAS Nosotros Somos una sociedad de m\u00e9dicos Gastroenterologos que sirven como medio a sus miembros y sus pacientes para mantener la salud de la poblaci\u00f3n, divulgar el conocimiento cient\u00edfico, establecer la importancia de la gastroenterolog\u00eda y promover altos standares de \u00e9tica y profesionalismo en la pr\u00e1ctica m\u00e9dica dentro de nuestro campo. Esta misi\u00f3n la [&hellip;]<\/p>","protected":false},"author":1,"featured_media":0,"parent":0,"menu_order":0,"comment_status":"closed","ping_status":"closed","template":"elementor_canvas","meta":{"bgseo_title":"","bgseo_description":"","bgseo_robots_index":"index","bgseo_robots_follow":"follow","ocean_post_layout":"","ocean_both_sidebars_style":"","ocean_both_sidebars_content_width":0,"ocean_both_sidebars_sidebars_width":0,"ocean_sidebar":"0","ocean_second_sidebar":"0","ocean_disable_margins":"on","ocean_add_body_class":"","ocean_shortcode_before_top_bar":"","ocean_shortcode_after_top_bar":"","ocean_shortcode_before_header":"","ocean_shortcode_after_header":"","ocean_has_shortcode":"","ocean_shortcode_after_title":"","ocean_shortcode_before_footer_widgets":"","ocean_shortcode_after_footer_widgets":"","ocean_shortcode_before_footer_bottom":"","ocean_shortcode_after_footer_bottom":"","ocean_display_top_bar":"off","ocean_display_header":"off","ocean_header_style":"","ocean_center_header_left_menu":"0","ocean_custom_header_template":"0","ocean_custom_logo":0,"ocean_custom_retina_logo":0,"ocean_custom_logo_max_width":0,"ocean_custom_logo_tablet_max_width":0,"ocean_custom_logo_mobile_max_width":0,"ocean_custom_logo_max_height":0,"ocean_custom_logo_tablet_max_height":0,"ocean_custom_logo_mobile_max_height":0,"ocean_header_custom_menu":"0","ocean_menu_typo_font_family":"0","ocean_menu_typo_font_subset":"","ocean_menu_typo_font_size":0,"ocean_menu_typo_font_size_tablet":0,"ocean_menu_typo_font_size_mobile":0,"ocean_menu_typo_font_size_unit":"px","ocean_menu_typo_font_weight":"","ocean_menu_typo_font_weight_tablet":"","ocean_menu_typo_font_weight_mobile":"","ocean_menu_typo_transform":"","ocean_menu_typo_transform_tablet":"","ocean_menu_typo_transform_mobile":"","ocean_menu_typo_line_height":0,"ocean_menu_typo_line_height_tablet":0,"ocean_menu_typo_line_height_mobile":0,"ocean_menu_typo_line_height_unit":"","ocean_menu_typo_spacing":0,"ocean_menu_typo_spacing_tablet":0,"ocean_menu_typo_spacing_mobile":0,"ocean_menu_typo_spacing_unit":"","ocean_menu_link_color":"","ocean_menu_link_color_hover":"","ocean_menu_link_color_active":"","ocean_menu_link_background":"","ocean_menu_link_hover_background":"","ocean_menu_link_active_background":"","ocean_menu_social_links_bg":"","ocean_menu_social_hover_links_bg":"","ocean_menu_social_links_color":"","ocean_menu_social_hover_links_color":"","ocean_disable_title":"on","ocean_disable_heading":"on","ocean_post_title":"","ocean_post_subheading":"","ocean_post_title_style":"","ocean_post_title_background_color":"","ocean_post_title_background":0,"ocean_post_title_bg_image_position":"","ocean_post_title_bg_image_attachment":"","ocean_post_title_bg_image_repeat":"","ocean_post_title_bg_image_size":"","ocean_post_title_height":0,"ocean_post_title_bg_overlay":0.5,"ocean_post_title_bg_overlay_color":"","ocean_disable_breadcrumbs":"off","ocean_breadcrumbs_color":"","ocean_breadcrumbs_separator_color":"","ocean_breadcrumbs_links_color":"","ocean_breadcrumbs_links_hover_color":"","ocean_display_footer_widgets":"off","ocean_display_footer_bottom":"off","ocean_custom_footer_template":"0","footnotes":""},"class_list":["post-168","page","type-page","status-publish","hentry","entry"],"_links":{"self":[{"href":"https:\/\/www.sodogastro.congresord.com\/en\/wp-json\/wp\/v2\/pages\/168","targetHints":{"allow":["GET"]}}],"collection":[{"href":"https:\/\/www.sodogastro.congresord.com\/en\/wp-json\/wp\/v2\/pages"}],"about":[{"href":"https:\/\/www.sodogastro.congresord.com\/en\/wp-json\/wp\/v2\/types\/page"}],"author":[{"embeddable":true,"href":"https:\/\/www.sodogastro.congresord.com\/en\/wp-json\/wp\/v2\/users\/1"}],"replies":[{"embeddable":true,"href":"https:\/\/www.sodogastro.congresord.com\/en\/wp-json\/wp\/v2\/comments?post=168"}],"version-history":[{"count":10,"href":"https:\/\/www.sodogastro.congresord.com\/en\/wp-json\/wp\/v2\/pages\/168\/revisions"}],"predecessor-version":[{"id":3402,"href":"https:\/\/www.sodogastro.congresord.com\/en\/wp-json\/wp\/v2\/pages\/168\/revisions\/3402"}],"wp:attachment":[{"href":"https:\/\/www.sodogastro.congresord.com\/en\/wp-json\/wp\/v2\/media?parent=168"}],"curies":[{"name":"wp","href":"https:\/\/api.w.org\/{rel}","templated":true}]}}