{"id":583,"date":"2021-03-28T18:37:34","date_gmt":"2021-03-28T22:37:34","guid":{"rendered":"https:\/\/www.sodogastro.congresord.com\/?page_id=583"},"modified":"2025-06-03T16:49:18","modified_gmt":"2025-06-03T20:49:18","slug":"calendario","status":"publish","type":"page","link":"https:\/\/www.sodogastro.congresord.com\/en\/calendario\/","title":{"rendered":"Calendar"},"content":{"rendered":"<div data-elementor-type=\"wp-page\" data-elementor-id=\"583\" class=\"elementor elementor-583\">\n\t\t\t\t\t\t<section class=\"elementor-section elementor-top-section elementor-element elementor-element-ce22bef elementor-section-boxed elementor-section-height-default elementor-section-height-default\" data-id=\"ce22bef\" data-element_type=\"section\">\n\t\t\t\t\t\t<div class=\"elementor-container elementor-column-gap-default\">\n\t\t\t\t\t<div class=\"elementor-column elementor-col-100 elementor-top-column elementor-element elementor-element-d549df2\" data-id=\"d549df2\" data-element_type=\"column\">\n\t\t\t<div class=\"elementor-widget-wrap elementor-element-populated\">\n\t\t\t\t\t\t<div class=\"elementor-element elementor-element-b775935 elementor-widget elementor-widget-image\" data-id=\"b775935\" data-element_type=\"widget\" data-widget_type=\"image.default\">\n\t\t\t\t<div class=\"elementor-widget-container\">\n\t\t\t\t\t\t\t\t\t\t\t\t\t\t\t<img fetchpriority=\"high\" decoding=\"async\" width=\"1200\" height=\"200\" src=\"https:\/\/www.sodogastro.congresord.com\/wp-content\/uploads\/2021\/05\/HeaderCalendario-1.jpg\" class=\"attachment-full size-full wp-image-2555\" alt=\"\" srcset=\"https:\/\/www.sodogastro.congresord.com\/wp-content\/uploads\/2021\/05\/HeaderCalendario-1.jpg 1200w, https:\/\/www.sodogastro.congresord.com\/wp-content\/uploads\/2021\/05\/HeaderCalendario-1-300x50.jpg 300w, https:\/\/www.sodogastro.congresord.com\/wp-content\/uploads\/2021\/05\/HeaderCalendario-1-1024x171.jpg 1024w, https:\/\/www.sodogastro.congresord.com\/wp-content\/uploads\/2021\/05\/HeaderCalendario-1-768x128.jpg 768w, https:\/\/www.sodogastro.congresord.com\/wp-content\/uploads\/2021\/05\/HeaderCalendario-1-16x3.jpg 16w, https:\/\/www.sodogastro.congresord.com\/wp-content\/uploads\/2021\/05\/HeaderCalendario-1-250x42.jpg 250w, https:\/\/www.sodogastro.congresord.com\/wp-content\/uploads\/2021\/05\/HeaderCalendario-1-550x92.jpg 550w, https:\/\/www.sodogastro.congresord.com\/wp-content\/uploads\/2021\/05\/HeaderCalendario-1-800x133.jpg 800w, https:\/\/www.sodogastro.congresord.com\/wp-content\/uploads\/2021\/05\/HeaderCalendario-1-1080x180.jpg 1080w, https:\/\/www.sodogastro.congresord.com\/wp-content\/uploads\/2021\/05\/HeaderCalendario-1-600x100.jpg 600w\" sizes=\"(max-width: 1200px) 100vw, 1200px\" \/>\t\t\t\t\t\t\t\t\t\t\t\t\t\t\t<\/div>\n\t\t\t\t<\/div>\n\t\t\t\t\t<\/div>\n\t\t<\/div>\n\t\t\t\t\t<\/div>\n\t\t<\/section>\n\t\t\t\t<section class=\"elementor-section elementor-top-section elementor-element elementor-element-76c928c0 elementor-section-boxed elementor-section-height-default elementor-section-height-default\" data-id=\"76c928c0\" data-element_type=\"section\">\n\t\t\t\t\t\t<div class=\"elementor-container elementor-column-gap-default\">\n\t\t\t\t\t<div class=\"elementor-column elementor-col-100 elementor-top-column elementor-element elementor-element-673cb50e\" data-id=\"673cb50e\" data-element_type=\"column\">\n\t\t\t<div class=\"elementor-widget-wrap elementor-element-populated\">\n\t\t\t\t\t\t<div class=\"elementor-element elementor-element-db926b6 elementor-widget elementor-widget-heading\" data-id=\"db926b6\" data-element_type=\"widget\" data-widget_type=\"heading.default\">\n\t\t\t\t<div class=\"elementor-widget-container\">\n\t\t\t\t\t<h2 class=\"elementor-heading-title elementor-size-default\">Calendar<\/h2>\t\t\t\t<\/div>\n\t\t\t\t<\/div>\n\t\t\t\t\t<\/div>\n\t\t<\/div>\n\t\t\t\t\t<\/div>\n\t\t<\/section>\n\t\t\t\t<section class=\"elementor-section elementor-top-section elementor-element elementor-element-271bbfa1 elementor-section-boxed elementor-section-height-default elementor-section-height-default\" data-id=\"271bbfa1\" data-element_type=\"section\">\n\t\t\t\t\t\t<div class=\"elementor-container elementor-column-gap-default\">\n\t\t\t\t\t<div class=\"elementor-column elementor-col-50 elementor-top-column elementor-element elementor-element-421ac79c\" data-id=\"421ac79c\" data-element_type=\"column\">\n\t\t\t<div class=\"elementor-widget-wrap elementor-element-populated\">\n\t\t\t\t\t\t<div class=\"elementor-element elementor-element-1abe2c6 elementor-widget elementor-widget-post_layouts\" data-id=\"1abe2c6\" data-element_type=\"widget\" data-widget_type=\"post_layouts.default\">\n\t\t\t\t<div class=\"elementor-widget-container\">\n\t\t\t\t\t<div class=\"row\"><div class=\"col-md-6 col-lg-6\"><div class=\"theimran-post-layout-one\"><div class=\"theimran-post-layout-one__thumbnail\">\t\t\t<a href=\"https:\/\/www.sodogastro.congresord.com\/en\/xxxiv-congreso-dominicano-de-gastroenterologia\/\"><img decoding=\"async\" width=\"1000\" height=\"1000\" src=\"https:\/\/www.sodogastro.congresord.com\/wp-content\/uploads\/2025\/06\/post-congreso-sdg-2025.jpg\" class=\"attachment-large size-large wp-post-image\" alt=\"\" srcset=\"https:\/\/www.sodogastro.congresord.com\/wp-content\/uploads\/2025\/06\/post-congreso-sdg-2025.jpg 1000w, https:\/\/www.sodogastro.congresord.com\/wp-content\/uploads\/2025\/06\/post-congreso-sdg-2025-300x300.jpg 300w, https:\/\/www.sodogastro.congresord.com\/wp-content\/uploads\/2025\/06\/post-congreso-sdg-2025-150x150.jpg 150w, https:\/\/www.sodogastro.congresord.com\/wp-content\/uploads\/2025\/06\/post-congreso-sdg-2025-768x768.jpg 768w, https:\/\/www.sodogastro.congresord.com\/wp-content\/uploads\/2025\/06\/post-congreso-sdg-2025-12x12.jpg 12w, https:\/\/www.sodogastro.congresord.com\/wp-content\/uploads\/2025\/06\/post-congreso-sdg-2025-600x600.jpg 600w, https:\/\/www.sodogastro.congresord.com\/wp-content\/uploads\/2025\/06\/post-congreso-sdg-2025-48x48.jpg 48w, https:\/\/www.sodogastro.congresord.com\/wp-content\/uploads\/2025\/06\/post-congreso-sdg-2025-250x250.jpg 250w, https:\/\/www.sodogastro.congresord.com\/wp-content\/uploads\/2025\/06\/post-congreso-sdg-2025-550x550.jpg 550w, https:\/\/www.sodogastro.congresord.com\/wp-content\/uploads\/2025\/06\/post-congreso-sdg-2025-800x800.jpg 800w, https:\/\/www.sodogastro.congresord.com\/wp-content\/uploads\/2025\/06\/post-congreso-sdg-2025-180x180.jpg 180w, https:\/\/www.sodogastro.congresord.com\/wp-content\/uploads\/2025\/06\/post-congreso-sdg-2025-500x500.jpg 500w, https:\/\/www.sodogastro.congresord.com\/wp-content\/uploads\/2025\/06\/post-congreso-sdg-2025-649x649.jpg 649w\" sizes=\"(max-width: 1000px) 100vw, 1000px\" \/><\/a>\r\n\t\t\t<\/div><div class=\"theimran-post-layout-one__content-wrapper\">\t\t\t<div class=\"theimran-post-layout-one__title\">\r\n\t\t\t\t<h3><a href=\"https:\/\/www.sodogastro.congresord.com\/en\/xxxiv-congreso-dominicano-de-gastroenterologia\/\">XXXIV Congreso Dominicano de Gastroenterolog\u00eda<\/a><\/h3>\r\n\t\t\t<\/div>\r\n\t\t<\/div><\/div><\/div><div class=\"col-md-6 col-lg-6\"><div class=\"theimran-post-layout-one\"><div class=\"theimran-post-layout-one__thumbnail\">\t\t\t<a href=\"https:\/\/www.sodogastro.congresord.com\/en\/jornada-radhames-cortina-2025\/\"><img decoding=\"async\" width=\"819\" height=\"1024\" src=\"https:\/\/www.sodogastro.congresord.com\/wp-content\/uploads\/2025\/06\/post-jornada-radhames-cortina-2025-819x1024.jpg\" class=\"attachment-large size-large wp-post-image\" alt=\"\" srcset=\"https:\/\/www.sodogastro.congresord.com\/wp-content\/uploads\/2025\/06\/post-jornada-radhames-cortina-2025-819x1024.jpg 819w, https:\/\/www.sodogastro.congresord.com\/wp-content\/uploads\/2025\/06\/post-jornada-radhames-cortina-2025-240x300.jpg 240w, https:\/\/www.sodogastro.congresord.com\/wp-content\/uploads\/2025\/06\/post-jornada-radhames-cortina-2025-768x960.jpg 768w, https:\/\/www.sodogastro.congresord.com\/wp-content\/uploads\/2025\/06\/post-jornada-radhames-cortina-2025-10x12.jpg 10w, https:\/\/www.sodogastro.congresord.com\/wp-content\/uploads\/2025\/06\/post-jornada-radhames-cortina-2025-250x313.jpg 250w, https:\/\/www.sodogastro.congresord.com\/wp-content\/uploads\/2025\/06\/post-jornada-radhames-cortina-2025-550x688.jpg 550w, https:\/\/www.sodogastro.congresord.com\/wp-content\/uploads\/2025\/06\/post-jornada-radhames-cortina-2025-800x1000.jpg 800w, https:\/\/www.sodogastro.congresord.com\/wp-content\/uploads\/2025\/06\/post-jornada-radhames-cortina-2025-144x180.jpg 144w, https:\/\/www.sodogastro.congresord.com\/wp-content\/uploads\/2025\/06\/post-jornada-radhames-cortina-2025-400x500.jpg 400w, https:\/\/www.sodogastro.congresord.com\/wp-content\/uploads\/2025\/06\/post-jornada-radhames-cortina-2025-600x750.jpg 600w, https:\/\/www.sodogastro.congresord.com\/wp-content\/uploads\/2025\/06\/post-jornada-radhames-cortina-2025-519x649.jpg 519w, https:\/\/www.sodogastro.congresord.com\/wp-content\/uploads\/2025\/06\/post-jornada-radhames-cortina-2025.jpg 1080w\" sizes=\"(max-width: 819px) 100vw, 819px\" \/><\/a>\r\n\t\t\t<\/div><div class=\"theimran-post-layout-one__content-wrapper\">\t\t\t<div class=\"theimran-post-layout-one__title\">\r\n\t\t\t\t<h3><a href=\"https:\/\/www.sodogastro.congresord.com\/en\/jornada-radhames-cortina-2025\/\">Jornada Radham\u00e9s Cortina 2025<\/a><\/h3>\r\n\t\t\t<\/div>\r\n\t\t<\/div><\/div><\/div><div class=\"col-md-6 col-lg-6\"><div class=\"theimran-post-layout-one\"><div class=\"theimran-post-layout-one__thumbnail\">\t\t\t<a href=\"https:\/\/www.sodogastro.congresord.com\/en\/jornada-del-sur\/\"><img loading=\"lazy\" decoding=\"async\" width=\"819\" height=\"1024\" src=\"https:\/\/www.sodogastro.congresord.com\/wp-content\/uploads\/2025\/06\/JornadaSurPost-819x1024.jpeg\" class=\"attachment-large size-large wp-post-image\" alt=\"\" srcset=\"https:\/\/www.sodogastro.congresord.com\/wp-content\/uploads\/2025\/06\/JornadaSurPost-819x1024.jpeg 819w, https:\/\/www.sodogastro.congresord.com\/wp-content\/uploads\/2025\/06\/JornadaSurPost-240x300.jpeg 240w, https:\/\/www.sodogastro.congresord.com\/wp-content\/uploads\/2025\/06\/JornadaSurPost-768x960.jpeg 768w, https:\/\/www.sodogastro.congresord.com\/wp-content\/uploads\/2025\/06\/JornadaSurPost-10x12.jpeg 10w, https:\/\/www.sodogastro.congresord.com\/wp-content\/uploads\/2025\/06\/JornadaSurPost-250x313.jpeg 250w, https:\/\/www.sodogastro.congresord.com\/wp-content\/uploads\/2025\/06\/JornadaSurPost-550x688.jpeg 550w, https:\/\/www.sodogastro.congresord.com\/wp-content\/uploads\/2025\/06\/JornadaSurPost-800x1000.jpeg 800w, https:\/\/www.sodogastro.congresord.com\/wp-content\/uploads\/2025\/06\/JornadaSurPost-144x180.jpeg 144w, https:\/\/www.sodogastro.congresord.com\/wp-content\/uploads\/2025\/06\/JornadaSurPost-400x500.jpeg 400w, https:\/\/www.sodogastro.congresord.com\/wp-content\/uploads\/2025\/06\/JornadaSurPost-600x750.jpeg 600w, https:\/\/www.sodogastro.congresord.com\/wp-content\/uploads\/2025\/06\/JornadaSurPost-519x649.jpeg 519w, https:\/\/www.sodogastro.congresord.com\/wp-content\/uploads\/2025\/06\/JornadaSurPost.jpeg 1080w\" sizes=\"(max-width: 819px) 100vw, 819px\" \/><\/a>\r\n\t\t\t<\/div><div class=\"theimran-post-layout-one__content-wrapper\">\t\t\t<div class=\"theimran-post-layout-one__title\">\r\n\t\t\t\t<h3><a href=\"https:\/\/www.sodogastro.congresord.com\/en\/jornada-del-sur\/\">Jornada del Sur<\/a><\/h3>\r\n\t\t\t<\/div>\r\n\t\t<\/div><\/div><\/div><div class=\"col-md-6 col-lg-6\"><div class=\"theimran-post-layout-one\"><div class=\"theimran-post-layout-one__thumbnail\">\t\t\t<a href=\"https:\/\/www.sodogastro.congresord.com\/en\/jornada-del-este-salud-digestiva-y-mental\/\"><img loading=\"lazy\" decoding=\"async\" width=\"819\" height=\"1024\" src=\"https:\/\/www.sodogastro.congresord.com\/wp-content\/uploads\/2025\/06\/post-jornada-este-2025-819x1024.jpg\" class=\"attachment-large size-large wp-post-image\" alt=\"\" srcset=\"https:\/\/www.sodogastro.congresord.com\/wp-content\/uploads\/2025\/06\/post-jornada-este-2025-819x1024.jpg 819w, https:\/\/www.sodogastro.congresord.com\/wp-content\/uploads\/2025\/06\/post-jornada-este-2025-240x300.jpg 240w, https:\/\/www.sodogastro.congresord.com\/wp-content\/uploads\/2025\/06\/post-jornada-este-2025-768x960.jpg 768w, https:\/\/www.sodogastro.congresord.com\/wp-content\/uploads\/2025\/06\/post-jornada-este-2025-10x12.jpg 10w, https:\/\/www.sodogastro.congresord.com\/wp-content\/uploads\/2025\/06\/post-jornada-este-2025-250x313.jpg 250w, https:\/\/www.sodogastro.congresord.com\/wp-content\/uploads\/2025\/06\/post-jornada-este-2025-550x688.jpg 550w, https:\/\/www.sodogastro.congresord.com\/wp-content\/uploads\/2025\/06\/post-jornada-este-2025-800x1000.jpg 800w, https:\/\/www.sodogastro.congresord.com\/wp-content\/uploads\/2025\/06\/post-jornada-este-2025-144x180.jpg 144w, https:\/\/www.sodogastro.congresord.com\/wp-content\/uploads\/2025\/06\/post-jornada-este-2025-400x500.jpg 400w, https:\/\/www.sodogastro.congresord.com\/wp-content\/uploads\/2025\/06\/post-jornada-este-2025-600x750.jpg 600w, https:\/\/www.sodogastro.congresord.com\/wp-content\/uploads\/2025\/06\/post-jornada-este-2025-519x649.jpg 519w, https:\/\/www.sodogastro.congresord.com\/wp-content\/uploads\/2025\/06\/post-jornada-este-2025.jpg 1080w\" sizes=\"(max-width: 819px) 100vw, 819px\" \/><\/a>\r\n\t\t\t<\/div><div class=\"theimran-post-layout-one__content-wrapper\">\t\t\t<div class=\"theimran-post-layout-one__title\">\r\n\t\t\t\t<h3><a href=\"https:\/\/www.sodogastro.congresord.com\/en\/jornada-del-este-salud-digestiva-y-mental\/\">Jornada del Este: Salud digestiva y Mental<\/a><\/h3>\r\n\t\t\t<\/div>\r\n\t\t<\/div><\/div><\/div><\/div>\t\t\t\t<\/div>\n\t\t\t\t<\/div>\n\t\t\t\t\t<\/div>\n\t\t<\/div>\n\t\t\t\t<div class=\"elementor-column elementor-col-50 elementor-top-column elementor-element elementor-element-ebe12d9\" data-id=\"ebe12d9\" data-element_type=\"column\" data-settings=\"{&quot;background_background&quot;:&quot;classic&quot;}\">\n\t\t\t<div class=\"elementor-widget-wrap elementor-element-populated\">\n\t\t\t\t\t\t<div class=\"elementor-element elementor-element-df6dc4f elementor-widget elementor-widget-heading\" data-id=\"df6dc4f\" data-element_type=\"widget\" data-widget_type=\"heading.default\">\n\t\t\t\t<div class=\"elementor-widget-container\">\n\t\t\t\t\t<h5 class=\"elementor-heading-title elementor-size-default\">RECEIVE OUR NEWSLETTER<\/h5>\t\t\t\t<\/div>\n\t\t\t\t<\/div>\n\t\t\t\t<div class=\"elementor-element elementor-element-8b161a3 fluentform-widget-submit-button-custom elementor-widget elementor-widget-fluent-form-widget\" data-id=\"8b161a3\" data-element_type=\"widget\" data-widget_type=\"fluent-form-widget.default\">\n\t\t\t\t<div class=\"elementor-widget-container\">\n\t\t\t\t\t\n            <div class=\"fluentform-widget-wrapper fluentform-widget-align-default\">\n\n            \n            <div class='fluentform ff-default fluentform_wrapper_1 ffs_default_wrap'><form data-form_id=\"1\" id=\"fluentform_1\" class=\"frm-fluent-form fluent_form_1 ff-el-form-top ff_form_instance_1_1 ff-form-loading ffs_default\" data-form_instance=\"ff_form_instance_1_1\" method=\"POST\" action=\"\" ><fieldset  style=\"border: none!important;margin: 0!important;padding: 0!important;background-color: transparent!important;box-shadow: none!important;outline: none!important; min-inline-size: 100%;\">\n                    <legend class=\"ff_screen_reader_title\" style=\"display: block; margin: 0!important;padding: 0!important;height: 0!important;text-indent: -999999px;width: 0!important;overflow:hidden;\">Suscr\u00edbete a nuestro Newsletter<\/legend><input type='hidden' name='__fluent_form_embded_post_id' value='3960' \/><input type=\"hidden\" id=\"_fluentform_1_fluentformnonce\" name=\"_fluentform_1_fluentformnonce\" value=\"159477aa5b\" \/><input type=\"hidden\" name=\"_wp_http_referer\" value=\"\/en\/wp-json\/wp\/v2\/pages\/583\" \/><div data-type=\"name-element\" data-name=\"names\" class=\"ff-field_container ff-name-field-wrapper\" ><div class='ff-t-container'><div class='ff-t-cell'><div class='ff-el-group  ff-el-form-top'><div class=\"ff-el-input--label ff-el-is-required asterisk-right\"><label for='ff_1_names_first_name_' >Full name<\/label><\/div><div class='ff-el-input--content'><input type=\"text\" name=\"names[first_name]\" id=\"ff_1_names_first_name_\" class=\"ff-el-form-control\" placeholder=\"Write your full name here\" aria-invalid=\"false\" aria-required=\"true\"><\/div><\/div><\/div><\/div><\/div><div class='ff-el-group'><div class=\"ff-el-input--label ff-el-is-required asterisk-right\"><label for='ff_1_email' aria-label=\"E-mail\">E-mail<\/label><\/div><div class='ff-el-input--content'><input type=\"email\" name=\"email\" id=\"ff_1_email\" class=\"ff-el-form-control\" placeholder=\"Write your email here\" data-name=\"email\"  aria-invalid=\"false\" aria-required=\"true\"><\/div><\/div><div class='ff-el-group ff-text-left ff_submit_btn_wrapper'><button type=\"submit\" class=\"ff-btn ff-btn-submit ff-btn-md ff_btn_style wpf_has_custom_css\" >SUBMIT<\/button><\/div><\/fieldset><input type=\"hidden\" name=\"trp-form-language\" value=\"en\"\/><\/form><div id='fluentform_1_errors' class='ff-errors-in-stack ff_form_instance_1_1 ff-form-loading_errors ff_form_instance_1_1_errors'><\/div><\/div>        <script type=\"text\/javascript\">\n            window.fluent_form_ff_form_instance_1_1 = {\"id\":\"1\",\"settings\":{\"layout\":{\"labelPlacement\":\"top\",\"helpMessagePlacement\":\"with_label\",\"errorMessagePlacement\":\"inline\",\"asteriskPlacement\":\"asterisk-right\"},\"restrictions\":{\"denyEmptySubmission\":{\"enabled\":false}}},\"form_instance\":\"ff_form_instance_1_1\",\"form_id_selector\":\"fluentform_1\",\"rules\":{\"names[first_name]\":{\"required\":{\"value\":true,\"message\":\"Campo obligatorio\",\"global\":false,\"global_message\":\"Este campo es obligatorio\"}},\"names[middle_name]\":{\"required\":{\"value\":false,\"message\":\"This field is required\",\"global\":false,\"global_message\":\"Este campo es obligatorio\"}},\"names[last_name]\":{\"required\":{\"value\":false,\"message\":\"This field is required\",\"global\":false,\"global_message\":\"Este campo es obligatorio\"}},\"email\":{\"required\":{\"value\":true,\"message\":\"Campo obligatorio\",\"global\":false,\"global_message\":\"Este campo es obligatorio\"},\"email\":{\"value\":true,\"message\":\"This field must contain a valid email\",\"global\":false,\"global_message\":\"Este campo debe contener un correo electr\\u00f3nico v\\u00e1lido\"}}},\"debounce_time\":300};\n                    <\/script>\n                    <\/div>\n\n            \t\t\t\t<\/div>\n\t\t\t\t<\/div>\n\t\t\t\t<div class=\"elementor-element elementor-element-a051ade elementor-widget elementor-widget-wp-widget-ocean_facebook\" data-id=\"a051ade\" data-element_type=\"widget\" data-widget_type=\"wp-widget-ocean_facebook.default\">\n\t\t\t\t<div class=\"elementor-widget-container\">\n\t\t\t\t\t\r\n\t\t\t<iframe src=\"https:\/\/www.facebook.com\/plugins\/likebox.php?href=https%3A%2F%2Fwww.facebook.com%2Fsodogastro&#038;width=300&#038;height=300&#038;colorscheme=light&#038;show_faces=false&#038;stream=true&#038;show_border=true&#038;header=false&#038;force_wall=true\" scrolling=\"no\" frameborder=\"0\" style=\"border: none; overflow: hidden; width: 300px;  height: 300px; background: #fff\"><\/iframe>\r\n\t\t\t\t\t\t\t\t\t\t\t\t\t<\/div>\n\t\t\t\t<\/div>\n\t\t\t\t\t<\/div>\n\t\t<\/div>\n\t\t\t\t\t<\/div>\n\t\t<\/section>\n\t\t\t\t<\/div>","protected":false},"excerpt":{"rendered":"<p>Calendario XXXII Congreso Dominicano de Gastroenterolog\u00eda 2024 Jornada Radhames Cortina 2024: Hotel Hodelpa Gran Almirante, Santiago Jornada Norte 2024: San Francisco de Macor\u00eds Jornada del Distrito 2024: Hotel Renaissance Jaragua, Santo Domingo RECIBE NUESTRO NEWSLETTER Suscr\u00edbete a nuestro Newsletter Nombre completoCorreo eletr\u00f3nicoENVIAR<\/p>","protected":false},"author":1,"featured_media":0,"parent":0,"menu_order":0,"comment_status":"closed","ping_status":"closed","template":"elementor_canvas","meta":{"bgseo_title":"","bgseo_description":"","bgseo_robots_index":"index","bgseo_robots_follow":"follow","ocean_post_layout":"right-sidebar","ocean_both_sidebars_style":"","ocean_both_sidebars_content_width":0,"ocean_both_sidebars_sidebars_width":0,"ocean_sidebar":"sidebar","ocean_second_sidebar":"0","ocean_disable_margins":"enable","ocean_add_body_class":"","ocean_shortcode_before_top_bar":"","ocean_shortcode_after_top_bar":"","ocean_shortcode_before_header":"","ocean_shortcode_after_header":"","ocean_has_shortcode":"","ocean_shortcode_after_title":"","ocean_shortcode_before_footer_widgets":"","ocean_shortcode_after_footer_widgets":"","ocean_shortcode_before_footer_bottom":"","ocean_shortcode_after_footer_bottom":"","ocean_display_top_bar":"default","ocean_display_header":"off","ocean_header_style":"custom","ocean_center_header_left_menu":"0","ocean_custom_header_template":"0","ocean_custom_logo":0,"ocean_custom_retina_logo":0,"ocean_custom_logo_max_width":0,"ocean_custom_logo_tablet_max_width":0,"ocean_custom_logo_mobile_max_width":0,"ocean_custom_logo_max_height":0,"ocean_custom_logo_tablet_max_height":0,"ocean_custom_logo_mobile_max_height":0,"ocean_header_custom_menu":"3","ocean_menu_typo_font_family":"Open Sans","ocean_menu_typo_font_subset":"","ocean_menu_typo_font_size":0,"ocean_menu_typo_font_size_tablet":0,"ocean_menu_typo_font_size_mobile":0,"ocean_menu_typo_font_size_unit":"px","ocean_menu_typo_font_weight":"","ocean_menu_typo_font_weight_tablet":"","ocean_menu_typo_font_weight_mobile":"","ocean_menu_typo_transform":"","ocean_menu_typo_transform_tablet":"","ocean_menu_typo_transform_mobile":"","ocean_menu_typo_line_height":0,"ocean_menu_typo_line_height_tablet":0,"ocean_menu_typo_line_height_mobile":0,"ocean_menu_typo_line_height_unit":"","ocean_menu_typo_spacing":0,"ocean_menu_typo_spacing_tablet":0,"ocean_menu_typo_spacing_mobile":0,"ocean_menu_typo_spacing_unit":"","ocean_menu_link_color":"","ocean_menu_link_color_hover":"","ocean_menu_link_color_active":"","ocean_menu_link_background":"","ocean_menu_link_hover_background":"","ocean_menu_link_active_background":"","ocean_menu_social_links_bg":"","ocean_menu_social_hover_links_bg":"","ocean_menu_social_links_color":"","ocean_menu_social_hover_links_color":"","ocean_disable_title":"default","ocean_disable_heading":"default","ocean_post_title":"","ocean_post_subheading":"","ocean_post_title_style":"","ocean_post_title_background_color":"","ocean_post_title_background":0,"ocean_post_title_bg_image_position":"","ocean_post_title_bg_image_attachment":"","ocean_post_title_bg_image_repeat":"","ocean_post_title_bg_image_size":"","ocean_post_title_height":0,"ocean_post_title_bg_overlay":0.5,"ocean_post_title_bg_overlay_color":"","ocean_disable_breadcrumbs":"default","ocean_breadcrumbs_color":"","ocean_breadcrumbs_separator_color":"","ocean_breadcrumbs_links_color":"","ocean_breadcrumbs_links_hover_color":"","ocean_display_footer_widgets":"default","ocean_display_footer_bottom":"default","ocean_custom_footer_template":"0","footnotes":""},"class_list":["post-583","page","type-page","status-publish","hentry","entry","has-media"],"_links":{"self":[{"href":"https:\/\/www.sodogastro.congresord.com\/en\/wp-json\/wp\/v2\/pages\/583","targetHints":{"allow":["GET"]}}],"collection":[{"href":"https:\/\/www.sodogastro.congresord.com\/en\/wp-json\/wp\/v2\/pages"}],"about":[{"href":"https:\/\/www.sodogastro.congresord.com\/en\/wp-json\/wp\/v2\/types\/page"}],"author":[{"embeddable":true,"href":"https:\/\/www.sodogastro.congresord.com\/en\/wp-json\/wp\/v2\/users\/1"}],"replies":[{"embeddable":true,"href":"https:\/\/www.sodogastro.congresord.com\/en\/wp-json\/wp\/v2\/comments?post=583"}],"version-history":[{"count":10,"href":"https:\/\/www.sodogastro.congresord.com\/en\/wp-json\/wp\/v2\/pages\/583\/revisions"}],"predecessor-version":[{"id":4020,"href":"https:\/\/www.sodogastro.congresord.com\/en\/wp-json\/wp\/v2\/pages\/583\/revisions\/4020"}],"wp:attachment":[{"href":"https:\/\/www.sodogastro.congresord.com\/en\/wp-json\/wp\/v2\/media?parent=583"}],"curies":[{"name":"wp","href":"https:\/\/api.w.org\/{rel}","templated":true}]}}